{"id":59,"date":"2018-12-18T23:21:48","date_gmt":"2018-12-18T22:21:48","guid":{"rendered":"http:\/\/192.168.10.111\/?page_id=59"},"modified":"2025-11-29T14:53:04","modified_gmt":"2025-11-29T13:53:04","slug":"activites","status":"publish","type":"page","link":"https:\/\/www.velocampus.net\/en\/activites\/","title":{"rendered":"Activit\u00e9s"},"content":{"rendered":"\n<div class=\"wp-block-media-text alignwide is-stacked-on-mobile\"><figure class=\"wp-block-media-text__media\"><img loading=\"lazy\" decoding=\"async\" width=\"1024\" height=\"341\" src=\"https:\/\/www.velocampus.net\/wp-content\/uploads\/2019\/01\/accueil-location-1024x341.jpg\" alt=\"\" class=\"wp-image-254 size-full\" srcset=\"https:\/\/www.velocampus.net\/wp-content\/uploads\/2019\/01\/accueil-location-1024x341.jpg 1024w, https:\/\/www.velocampus.net\/wp-content\/uploads\/2019\/01\/accueil-location-300x100.jpg 300w, https:\/\/www.velocampus.net\/wp-content\/uploads\/2019\/01\/accueil-location-768x256.jpg 768w, https:\/\/www.velocampus.net\/wp-content\/uploads\/2019\/01\/accueil-location.jpg 1222w\" sizes=\"auto, (max-width: 1024px) 100vw, 1024px\" \/><\/figure><div class=\"wp-block-media-text__content\">\n<p class=\"has-large-font-size\"><a href=\"https:\/\/www.velocampus.net\/pret-de-velo\/\" data-type=\"page\" data-id=\"204\">Pr\u00eat de v\u00e9los<\/a><\/p>\n<\/div><\/div>\n\n\n\n<div class=\"wp-block-media-text alignwide has-media-on-the-right is-stacked-on-mobile\"><div class=\"wp-block-media-text__content\">\n<p class=\"has-large-font-size\"><a href=\"http:\/\/dev.velocampus.net\/?page_id=516\">Ateliers<\/a><a href=\"https:\/\/www.velocampus.net\/?page_id=516\"> <\/a><a href=\"https:\/\/www.velocampus.net\/atelier-participatifs\/\" data-type=\"page\" data-id=\"516\">d&#8217;autor\u00e9paration<\/a><\/p>\n<\/div><figure class=\"wp-block-media-text__media\"><img loading=\"lazy\" decoding=\"async\" width=\"1024\" height=\"341\" src=\"https:\/\/www.velocampus.net\/wp-content\/uploads\/2019\/01\/accueil-atelier-participatif-1024x341.jpg\" alt=\"accueil-atelier-participatif\" class=\"wp-image-255 size-full\" srcset=\"https:\/\/www.velocampus.net\/wp-content\/uploads\/2019\/01\/accueil-atelier-participatif-1024x341.jpg 1024w, https:\/\/www.velocampus.net\/wp-content\/uploads\/2019\/01\/accueil-atelier-participatif-300x100.jpg 300w, https:\/\/www.velocampus.net\/wp-content\/uploads\/2019\/01\/accueil-atelier-participatif-768x256.jpg 768w, https:\/\/www.velocampus.net\/wp-content\/uploads\/2019\/01\/accueil-atelier-participatif.jpg 1221w\" sizes=\"auto, (max-width: 1024px) 100vw, 1024px\" \/><\/figure><\/div>\n\n\n\n<div class=\"wp-block-media-text alignwide is-stacked-on-mobile\"><figure class=\"wp-block-media-text__media\"><img loading=\"lazy\" decoding=\"async\" width=\"1024\" height=\"341\" src=\"https:\/\/www.velocampus.net\/wp-content\/uploads\/2019\/01\/accueil-charrette-1024x341.jpg\" alt=\"\" class=\"wp-image-260 size-full\" srcset=\"https:\/\/www.velocampus.net\/wp-content\/uploads\/2019\/01\/accueil-charrette-1024x341.jpg 1024w, https:\/\/www.velocampus.net\/wp-content\/uploads\/2019\/01\/accueil-charrette-300x100.jpg 300w, https:\/\/www.velocampus.net\/wp-content\/uploads\/2019\/01\/accueil-charrette-768x256.jpg 768w, https:\/\/www.velocampus.net\/wp-content\/uploads\/2019\/01\/accueil-charrette.jpg 1222w\" sizes=\"auto, (max-width: 1024px) 100vw, 1024px\" \/><\/figure><div class=\"wp-block-media-text__content\">\n<p class=\"has-large-font-size\"><a href=\"https:\/\/www.velocampus.net\/?page_id=519\"><\/a><a href=\"https:\/\/www.velocampus.net\/ateliers-mobiles\/\" data-type=\"page\" data-id=\"930\">Atelier Mobile<\/a><\/p>\n<\/div><\/div>\n\n\n\n<div class=\"wp-block-media-text alignwide has-media-on-the-right is-stacked-on-mobile\"><div class=\"wp-block-media-text__content\">\n<p class=\"has-large-font-size\"><a href=\"https:\/\/www.velocampus.net\/animations-2\/\" data-type=\"page\" data-id=\"523\">Mixit\u00e9 Choisie<\/a><\/p>\n<\/div><figure class=\"wp-block-media-text__media\"><img loading=\"lazy\" decoding=\"async\" width=\"1024\" height=\"341\" src=\"https:\/\/www.velocampus.net\/wp-content\/uploads\/2019\/01\/accueil-animation-1024x341.jpg\" alt=\"accueil-animation\" class=\"wp-image-257 size-full\" srcset=\"https:\/\/www.velocampus.net\/wp-content\/uploads\/2019\/01\/accueil-animation-1024x341.jpg 1024w, https:\/\/www.velocampus.net\/wp-content\/uploads\/2019\/01\/accueil-animation-300x100.jpg 300w, https:\/\/www.velocampus.net\/wp-content\/uploads\/2019\/01\/accueil-animation-768x256.jpg 768w, https:\/\/www.velocampus.net\/wp-content\/uploads\/2019\/01\/accueil-animation.jpg 1221w\" sizes=\"auto, (max-width: 1024px) 100vw, 1024px\" \/><\/figure><\/div>\n\n\n\n<div class=\"wp-block-media-text alignwide is-stacked-on-mobile\"><figure class=\"wp-block-media-text__media\"><img loading=\"lazy\" decoding=\"async\" width=\"1024\" height=\"341\" src=\"https:\/\/www.velocampus.net\/wp-content\/uploads\/2019\/01\/accueil-location-1024x341.jpg\" alt=\"\" class=\"wp-image-254 size-full\" srcset=\"https:\/\/www.velocampus.net\/wp-content\/uploads\/2019\/01\/accueil-location-1024x341.jpg 1024w, https:\/\/www.velocampus.net\/wp-content\/uploads\/2019\/01\/accueil-location-300x100.jpg 300w, https:\/\/www.velocampus.net\/wp-content\/uploads\/2019\/01\/accueil-location-768x256.jpg 768w, https:\/\/www.velocampus.net\/wp-content\/uploads\/2019\/01\/accueil-location.jpg 1222w\" sizes=\"auto, (max-width: 1024px) 100vw, 1024px\" \/><\/figure><div class=\"wp-block-media-text__content\">\n<p class=\"has-large-font-size\"><a href=\"https:\/\/www.velocampus.net\/creacycles\/\" data-type=\"page\" data-id=\"945\">Cr\u00e9acycles<\/a><\/p>\n<\/div><\/div>\n\n\n\n<div class=\"wp-block-media-text alignwide has-media-on-the-right is-stacked-on-mobile\"><div class=\"wp-block-media-text__content\">\n<p class=\"has-large-font-size\"><a href=\"https:\/\/www.velocampus.net\/mecanique-tranquille\/\" data-type=\"page\" data-id=\"954\">M\u00e9canique Tranquille<\/a><\/p>\n<\/div><figure class=\"wp-block-media-text__media\"><img loading=\"lazy\" decoding=\"async\" width=\"1024\" height=\"341\" src=\"https:\/\/www.velocampus.net\/wp-content\/uploads\/2019\/01\/accueil-animation-1024x341.jpg\" alt=\"accueil-animation\" class=\"wp-image-257 size-full\" srcset=\"https:\/\/www.velocampus.net\/wp-content\/uploads\/2019\/01\/accueil-animation-1024x341.jpg 1024w, https:\/\/www.velocampus.net\/wp-content\/uploads\/2019\/01\/accueil-animation-300x100.jpg 300w, https:\/\/www.velocampus.net\/wp-content\/uploads\/2019\/01\/accueil-animation-768x256.jpg 768w, https:\/\/www.velocampus.net\/wp-content\/uploads\/2019\/01\/accueil-animation.jpg 1221w\" sizes=\"auto, (max-width: 1024px) 100vw, 1024px\" \/><\/figure><\/div>\n\n\n\n<div class=\"wp-block-media-text alignwide is-stacked-on-mobile\"><figure class=\"wp-block-media-text__media\"><img loading=\"lazy\" decoding=\"async\" width=\"1024\" height=\"341\" src=\"https:\/\/www.velocampus.net\/wp-content\/uploads\/2019\/01\/accueil-location-1024x341.jpg\" alt=\"\" class=\"wp-image-254 size-full\" srcset=\"https:\/\/www.velocampus.net\/wp-content\/uploads\/2019\/01\/accueil-location-1024x341.jpg 1024w, https:\/\/www.velocampus.net\/wp-content\/uploads\/2019\/01\/accueil-location-300x100.jpg 300w, https:\/\/www.velocampus.net\/wp-content\/uploads\/2019\/01\/accueil-location-768x256.jpg 768w, https:\/\/www.velocampus.net\/wp-content\/uploads\/2019\/01\/accueil-location.jpg 1222w\" sizes=\"auto, (max-width: 1024px) 100vw, 1024px\" \/><\/figure><div class=\"wp-block-media-text__content\">\n<p class=\"has-large-font-size\"><a href=\"https:\/\/www.velocampus.net\/formations\/\" data-type=\"page\" data-id=\"930\">Formations<\/a><\/p>\n<\/div><\/div>\n","protected":false},"excerpt":{"rendered":"<p>Pr\u00eat de v\u00e9los Ateliers d&#8217;autor\u00e9paration Atelier Mobile Mixit\u00e9 Choisie Cr\u00e9acycles M\u00e9canique Tranquille Formations<\/p>\n","protected":false},"author":1,"featured_media":0,"parent":0,"menu_order":0,"comment_status":"closed","ping_status":"closed","template":"","meta":{"_lmt_disableupdate":"no","_lmt_disable":"","footnotes":""},"class_list":["post-59","page","type-page","status-publish","hentry"],"translation":{"provider":"WPGlobus","version":"3.0.2","language":"en","enabled_languages":["fr","en"],"languages":{"fr":{"title":true,"content":true,"excerpt":false},"en":{"title":false,"content":false,"excerpt":false}}},"_links":{"self":[{"href":"https:\/\/www.velocampus.net\/en\/wp-json\/wp\/v2\/pages\/59","targetHints":{"allow":["GET"]}}],"collection":[{"href":"https:\/\/www.velocampus.net\/en\/wp-json\/wp\/v2\/pages"}],"about":[{"href":"https:\/\/www.velocampus.net\/en\/wp-json\/wp\/v2\/types\/page"}],"author":[{"embeddable":true,"href":"https:\/\/www.velocampus.net\/en\/wp-json\/wp\/v2\/users\/1"}],"replies":[{"embeddable":true,"href":"https:\/\/www.velocampus.net\/en\/wp-json\/wp\/v2\/comments?post=59"}],"version-history":[{"count":25,"href":"https:\/\/www.velocampus.net\/en\/wp-json\/wp\/v2\/pages\/59\/revisions"}],"predecessor-version":[{"id":2120,"href":"https:\/\/www.velocampus.net\/en\/wp-json\/wp\/v2\/pages\/59\/revisions\/2120"}],"wp:attachment":[{"href":"https:\/\/www.velocampus.net\/en\/wp-json\/wp\/v2\/media?parent=59"}],"curies":[{"name":"wp","href":"https:\/\/api.w.org\/{rel}","templated":true}]}}