{"id":523,"date":"2019-01-25T16:03:10","date_gmt":"2019-01-25T15:03:10","guid":{"rendered":"http:\/\/dev.velocampus.net\/?page_id=523"},"modified":"2026-03-27T16:39:03","modified_gmt":"2026-03-27T15:39:03","slug":"animations-2","status":"publish","type":"page","link":"https:\/\/www.velocampus.net\/en\/animations-2\/","title":{"rendered":"Ateliers en Mixit\u00e9 Choisie sans homme cisgenre"},"content":{"rendered":"\n<p>Les ateliers d\u2019auto-r\u00e9paration en mixit\u00e9 choisie sans hommes\u00a0 cisgenres* ont lieu \u00e0 V\u00e9locampus : cet atelier se tiend d\u00e9sormais tous les <a href=\"https:\/\/www.velocampus.net\/agenda\/\" data-type=\"page\" data-id=\"2111\">troisiemes mardi de chaque mois de 17h \u00e0 20h<\/a>.<\/p>\n\n\n\n<p>Ce sont des espaces d\u2019auto-r\u00e9paration entrepersonnes s&#8217;identifiant autrement que &#8220;homme cisgenre&#8221;, c&#8217;est-\u00e0-dire les femmes, les personnes non-binaires, les hommes trans (liste non exhaustive)<\/p>\n\n\n\n<p>L&#8217;objectif est de proposer un espace o\u00f9 nous pouvons nous outiller pour faire face au sexisme dans les ateliers, en s&#8217;autonomisant, acqu\u00e9rant des comp\u00e9tences, d\u00e9velopper de la solidarit\u00e9 et de la confiance en soi.<\/p>\n\n\n\n<p>Les ateliers de m\u00e9caniques ont \u00e9t\u00e9 et sont encore vus comme quelque chose de typiquement masculin, et cela se ressent dans la proportion hommes\/femmes qui peuplent les ateliers, que ce soit parmi les adh\u00e9rent\u00b7es ou les b\u00e9n\u00e9voles. Cela r\u00e9sulte en des actes de sexismes vari\u00e9s visant les femmes et minorit\u00e9s de genre, comme:<\/p>\n\n\n\n<ul class=\"wp-block-list\">\n<li>prendre les outils des mains;<\/li>\n\n\n\n<li>infantiliser la\u00b7e m\u00e9canicien\u00b7ne en raison de son genre;<\/li>\n\n\n\n<li>donner son avis non sollicit\u00e9;<\/li>\n\n\n\n<li>expliquer un aspect technique en partant du principe qu&#8217;on ne sait rien;<\/li>\n\n\n\n<li>des violences verbales sexistes et\/ou lgbtqia-phobes;<\/li>\n\n\n\n<li>des &#8220;blagues&#8221; oppressives&#8230;<\/li>\n<\/ul>\n\n\n\n<p>Ces espaces sont une continuit\u00e9 de la soci\u00e9t\u00e9, ils sont donc empreints des comportements discriminatoires pr\u00e9sents partout : racisme, sexismes, validisme, transphobie etc.<\/p>\n\n\n\n<p>La mixit\u00e9 choisie se veut \u00eatre un moyen d&#8217;offrir aux adh\u00e9rent\u00b7es subissant le sexisme un espace de r\u00e9pit, voire un espace de lutte contre le syst\u00e8me patriarcal. C&#8217;est un aspect qui ne saurait exister si l&#8217;on doit en m\u00eame temps faire face aux comportements des hommes, c&#8217;est pourquoi nous avons besoin de nous retrouver dans un cr\u00e9neau en mixit\u00e9 choisie. Dans une soci\u00e9t\u00e9 id\u00e9ale, dont nous sommes encore loin, ces espaces n&#8217;auraient pas besoin d&#8217;exister: ce sont des moyens, et pas des buts. La mise en place de ces permanences refl\u00e8te le projet associatif de V\u00e9locampus, l\u2019accessibilit\u00e9 et l\u2019inclusivit\u00e9 y \u00e9tant inscrites : &#8220;Cela passe par \u00e9tendre la v\u00e9lonomie \u00e0 un public large et diversifi\u00e9, en s&#8217;assurant que nos actions (tant \u00e0 l\u2019atelier qu\u2019en ext\u00e9rieur) soit accessible au plus grand nombre, sans distinction de milieu social, d\u2019\u00e2ge, de genre, d\u2019orientation sexuelle ou de handicap.&#8221;&nbsp;<\/p>\n\n\n\n<p><em>* une personne cisgenre est une personne dont le genre actuel correspond \u00e0 son genre attribu\u00e9 \u00e0 la naissance. Un homme cisgenre est donc un homme assign\u00e9 homme \u00e0 la naissance.<\/em><\/p>\n\n\n\n<hr class=\"wp-block-separator has-css-opacity\"\/>\n\n\n<div class=\"r34ics-ajax-container loading\" id=\"r69e1b5c57c9f02b\" data-view=\"month\" data-view-is-list-style=\"0\" data-view-is-list-long=\"0\" data-args=\"367906e6b491fb499b8dc340ef24faa90be8b31d\" data-js-args=\"{&quot;debug&quot;:null}\">&nbsp;<\/div>\n","protected":false},"excerpt":{"rendered":"<p>Les ateliers d\u2019auto-r\u00e9paration en mixit\u00e9 choisie sans hommes\u00a0 cisgenres* ont lieu \u00e0 V\u00e9locampus : cet atelier se tiend d\u00e9sormais tous les troisiemes mardi de chaque mois de 17h \u00e0 20h. Ce sont des espaces d\u2019auto-r\u00e9paration entrepersonnes s&#8217;identifiant autrement que &#8220;homme<\/p>\n","protected":false},"author":1,"featured_media":1493,"parent":0,"menu_order":0,"comment_status":"closed","ping_status":"closed","template":"","meta":{"_lmt_disableupdate":"","_lmt_disable":"","footnotes":""},"class_list":["post-523","page","type-page","status-publish","has-post-thumbnail","hentry"],"translation":{"provider":"WPGlobus","version":"3.0.2","language":"en","enabled_languages":["fr","en"],"languages":{"fr":{"title":true,"content":true,"excerpt":false},"en":{"title":false,"content":false,"excerpt":false}}},"_links":{"self":[{"href":"https:\/\/www.velocampus.net\/en\/wp-json\/wp\/v2\/pages\/523","targetHints":{"allow":["GET"]}}],"collection":[{"href":"https:\/\/www.velocampus.net\/en\/wp-json\/wp\/v2\/pages"}],"about":[{"href":"https:\/\/www.velocampus.net\/en\/wp-json\/wp\/v2\/types\/page"}],"author":[{"embeddable":true,"href":"https:\/\/www.velocampus.net\/en\/wp-json\/wp\/v2\/users\/1"}],"replies":[{"embeddable":true,"href":"https:\/\/www.velocampus.net\/en\/wp-json\/wp\/v2\/comments?post=523"}],"version-history":[{"count":22,"href":"https:\/\/www.velocampus.net\/en\/wp-json\/wp\/v2\/pages\/523\/revisions"}],"predecessor-version":[{"id":2251,"href":"https:\/\/www.velocampus.net\/en\/wp-json\/wp\/v2\/pages\/523\/revisions\/2251"}],"wp:featuredmedia":[{"embeddable":true,"href":"https:\/\/www.velocampus.net\/en\/wp-json\/wp\/v2\/media\/1493"}],"wp:attachment":[{"href":"https:\/\/www.velocampus.net\/en\/wp-json\/wp\/v2\/media?parent=523"}],"curies":[{"name":"wp","href":"https:\/\/api.w.org\/{rel}","templated":true}]}}