{"id":43,"date":"2018-12-18T23:08:45","date_gmt":"2018-12-18T22:08:45","guid":{"rendered":"http:\/\/192.168.10.111\/?page_id=43"},"modified":"2026-03-13T17:09:36","modified_gmt":"2026-03-13T16:09:36","slug":"presentation","status":"publish","type":"page","link":"https:\/\/www.velocampus.net\/en\/presentation\/","title":{"rendered":"Pr\u00e9sentation"},"content":{"rendered":"\n<p>V\u00e9locampus est une association loi 1901, fond\u00e9e en 1997 par des \u00e9tudiant\u00b7es. Sa mission est de promouvoir et d\u2019encourager l\u2019usage du v\u00e9lo comme moyen de transport \u00e9cologique, \u00e9conomique, convivial et adapt\u00e9 \u00e0 la ville. Et parce qu\u2019il est \u00e9cologique, \u00e9conomique, que sa m\u00e9canique est accessible, le v\u00e9lo est un v\u00e9hicule particuli\u00e8rement propice aux d\u00e9placements de nombreuses id\u00e9es, id\u00e9es qui mettent aujourd\u2019hui l\u2019association en mouvement : \u00e9co-responsabilit\u00e9, inclusivit\u00e9, partage, assistance \u00e0 tous les publics et non lucrativit\u00e9.<\/p>\n\n\n\n<p>Mis \u00e0 part la location de v\u00e9los qui est r\u00e9serv\u00e9e aux \u00e9tudiants\u00b7es, <strong>toutes les activit\u00e9s de V\u00e9locampus (atelier d&#8217;autor\u00e9paration, formation) sont ouvertes \u00e0 tous\u00b7tes, moyennant une adh\u00e9sion annuelle.<\/strong><\/p>\n\n\n\n<div class=\"wp-block-file\"><a id=\"wp-block-file--media-00d43ca2-1095-4d6c-97d3-75116492625f\" href=\"https:\/\/www.velocampus.net\/wp-content\/uploads\/2024\/12\/Statuts-Velocampus-2024.pdf\">Statuts V\u00e9locampus 2024<\/a><a href=\"https:\/\/www.velocampus.net\/wp-content\/uploads\/2024\/12\/Statuts-Velocampus-2024.pdf\" class=\"wp-block-file__button wp-element-button\" download aria-describedby=\"wp-block-file--media-00d43ca2-1095-4d6c-97d3-75116492625f\">T\u00e9l\u00e9charger<\/a><\/div>\n\n\n\n<div class=\"wp-block-file\"><a id=\"wp-block-file--media-96d8aec3-cf07-4059-a0ea-dbba9bfb5d93\" href=\"http:\/\/www.velocampus.net\/wp-content\/uploads\/2019\/01\/statuts2015.pdf\"><br>Publication au J.O. en PDF<\/a><a href=\"http:\/\/www.velocampus.net\/wp-content\/uploads\/2019\/01\/statuts2015.pdf\" class=\"wp-block-file__button wp-element-button\" download aria-describedby=\"wp-block-file--media-96d8aec3-cf07-4059-a0ea-dbba9bfb5d93\">T\u00e9l\u00e9charger<\/a><\/div>\n\n\n\n<p><br><\/p>\n","protected":false},"excerpt":{"rendered":"<p>V\u00e9locampus est une association loi 1901, fond\u00e9e en 1997 par des \u00e9tudiant\u00b7es. Sa mission est de promouvoir et d\u2019encourager l\u2019usage du v\u00e9lo comme moyen de transport \u00e9cologique, \u00e9conomique, convivial et adapt\u00e9 \u00e0 la ville. Et parce qu\u2019il est \u00e9cologique, \u00e9conomique,<\/p>\n","protected":false},"author":1,"featured_media":239,"parent":0,"menu_order":0,"comment_status":"closed","ping_status":"closed","template":"","meta":{"_lmt_disableupdate":"","_lmt_disable":"","footnotes":""},"class_list":["post-43","page","type-page","status-publish","has-post-thumbnail","hentry"],"translation":{"provider":"WPGlobus","version":"3.0.2","language":"en","enabled_languages":["fr","en"],"languages":{"fr":{"title":true,"content":true,"excerpt":false},"en":{"title":false,"content":false,"excerpt":false}}},"_links":{"self":[{"href":"https:\/\/www.velocampus.net\/en\/wp-json\/wp\/v2\/pages\/43","targetHints":{"allow":["GET"]}}],"collection":[{"href":"https:\/\/www.velocampus.net\/en\/wp-json\/wp\/v2\/pages"}],"about":[{"href":"https:\/\/www.velocampus.net\/en\/wp-json\/wp\/v2\/types\/page"}],"author":[{"embeddable":true,"href":"https:\/\/www.velocampus.net\/en\/wp-json\/wp\/v2\/users\/1"}],"replies":[{"embeddable":true,"href":"https:\/\/www.velocampus.net\/en\/wp-json\/wp\/v2\/comments?post=43"}],"version-history":[{"count":32,"href":"https:\/\/www.velocampus.net\/en\/wp-json\/wp\/v2\/pages\/43\/revisions"}],"predecessor-version":[{"id":2219,"href":"https:\/\/www.velocampus.net\/en\/wp-json\/wp\/v2\/pages\/43\/revisions\/2219"}],"wp:featuredmedia":[{"embeddable":true,"href":"https:\/\/www.velocampus.net\/en\/wp-json\/wp\/v2\/media\/239"}],"wp:attachment":[{"href":"https:\/\/www.velocampus.net\/en\/wp-json\/wp\/v2\/media?parent=43"}],"curies":[{"name":"wp","href":"https:\/\/api.w.org\/{rel}","templated":true}]}}