{"id":270,"date":"2019-01-04T16:25:53","date_gmt":"2019-01-04T15:25:53","guid":{"rendered":"http:\/\/192.168.10.111\/?page_id=270"},"modified":"2019-02-12T20:14:21","modified_gmt":"2019-02-12T19:14:21","slug":"mentions-legales","status":"publish","type":"page","link":"https:\/\/www.velocampus.net\/en\/mentions-legales\/","title":{"rendered":"Mentions L\u00e9gales"},"content":{"rendered":"\n<h3 class=\"wp-block-heading\">V\u00e9locampus<\/h3>\n\n\n\n<p>3, Chemin de la Censive du Tertre<br>44300 Nantes <br>FRANCE<br>E-mail&nbsp;: <strong>contact@velocampus.net<\/strong>\n<br><\/p>\n\n\n\n<h3 class=\"wp-block-heading\">H\u00e9bergement<\/h3>\n\n\n\n<blockquote class=\"wp-block-quote is-layout-flow wp-block-quote-is-layout-flow\"><p>L&#8217;heureuxcyclage<br><\/p><\/blockquote>\n\n\n\n<h3 class=\"wp-block-heading\">Conception et r\u00e9alisation du site<\/h3>\n\n\n\n<p>Site r\u00e9alis\u00e9 avec <a href=\"http:\/\/dev.velocampus.net\/?page_id=17\">WordPress<\/a>, logiciel libre, distribu\u00e9 sous la licence GNU\/GPL.<\/p>\n","protected":false},"excerpt":{"rendered":"<p>V\u00e9locampus 3, Chemin de la Censive du Tertre44300 Nantes FRANCEE-mail&nbsp;: contact@velocampus.net H\u00e9bergement L&#8217;heureuxcyclage Conception et r\u00e9alisation du site Site r\u00e9alis\u00e9 avec WordPress, logiciel libre, distribu\u00e9 sous la licence GNU\/GPL.<\/p>\n","protected":false},"author":1,"featured_media":0,"parent":0,"menu_order":0,"comment_status":"closed","ping_status":"closed","template":"","meta":{"_lmt_disableupdate":"","_lmt_disable":"","footnotes":""},"class_list":["post-270","page","type-page","status-publish","hentry"],"translation":{"provider":"WPGlobus","version":"3.0.2","language":"en","enabled_languages":["fr","en"],"languages":{"fr":{"title":true,"content":true,"excerpt":false},"en":{"title":false,"content":false,"excerpt":false}}},"_links":{"self":[{"href":"https:\/\/www.velocampus.net\/en\/wp-json\/wp\/v2\/pages\/270","targetHints":{"allow":["GET"]}}],"collection":[{"href":"https:\/\/www.velocampus.net\/en\/wp-json\/wp\/v2\/pages"}],"about":[{"href":"https:\/\/www.velocampus.net\/en\/wp-json\/wp\/v2\/types\/page"}],"author":[{"embeddable":true,"href":"https:\/\/www.velocampus.net\/en\/wp-json\/wp\/v2\/users\/1"}],"replies":[{"embeddable":true,"href":"https:\/\/www.velocampus.net\/en\/wp-json\/wp\/v2\/comments?post=270"}],"version-history":[{"count":7,"href":"https:\/\/www.velocampus.net\/en\/wp-json\/wp\/v2\/pages\/270\/revisions"}],"predecessor-version":[{"id":627,"href":"https:\/\/www.velocampus.net\/en\/wp-json\/wp\/v2\/pages\/270\/revisions\/627"}],"wp:attachment":[{"href":"https:\/\/www.velocampus.net\/en\/wp-json\/wp\/v2\/media?parent=270"}],"curies":[{"name":"wp","href":"https:\/\/api.w.org\/{rel}","templated":true}]}}