{"id":2113,"date":"2025-11-29T14:48:43","date_gmt":"2025-11-29T13:48:43","guid":{"rendered":"https:\/\/www.velocampus.net\/?page_id=2113"},"modified":"2025-11-29T15:04:15","modified_gmt":"2025-11-29T14:04:15","slug":"articles-archives","status":"publish","type":"page","link":"https:\/\/www.velocampus.net\/en\/articles-archives\/","title":{"rendered":"Dans l\u2019air du v\u00e9lo \u2013 archives"},"content":{"rendered":"\n<p>Retrouvez ici les rubriques de notre newsletter touchant \u00e0 l\u2019actualit\u00e9 de V\u00e9locampus et du v\u00e9lo !<\/p>\n\n\n<ul class=\"wp-block-latest-posts__list has-dates wp-block-latest-posts\"><li><div class=\"wp-block-latest-posts__featured-image alignleft\"><a href=\"https:\/\/www.velocampus.net\/en\/2025\/11\/28\/2026-nouvelle-annee-nouveaux-horaires\/\" aria-label=\"2026 : nouvelle ann\u00e9e, nouveaux horaires !\"><img loading=\"lazy\" decoding=\"async\" width=\"150\" height=\"150\" src=\"https:\/\/www.velocampus.net\/wp-content\/uploads\/2024\/11\/Logo-5-detoure-150x150.png\" class=\"attachment-thumbnail size-thumbnail wp-post-image\" alt=\"\" style=\"\" srcset=\"https:\/\/www.velocampus.net\/wp-content\/uploads\/2024\/11\/Logo-5-detoure-150x150.png 150w, https:\/\/www.velocampus.net\/wp-content\/uploads\/2024\/11\/Logo-5-detoure-300x298.png 300w, https:\/\/www.velocampus.net\/wp-content\/uploads\/2024\/11\/Logo-5-detoure-768x763.png 768w, https:\/\/www.velocampus.net\/wp-content\/uploads\/2024\/11\/Logo-5-detoure-270x270.png 270w, https:\/\/www.velocampus.net\/wp-content\/uploads\/2024\/11\/Logo-5-detoure-230x230.png 230w, https:\/\/www.velocampus.net\/wp-content\/uploads\/2024\/11\/Logo-5-detoure.png 935w\" sizes=\"auto, (max-width: 150px) 100vw, 150px\" \/><\/a><\/div><a class=\"wp-block-latest-posts__post-title\" href=\"https:\/\/www.velocampus.net\/en\/2025\/11\/28\/2026-nouvelle-annee-nouveaux-horaires\/\">2026 : nouvelle ann\u00e9e, nouveaux horaires !<\/a><time datetime=\"2025-11-28T14:20:57+01:00\" class=\"wp-block-latest-posts__post-date\">28 November 2025<\/time><\/li>\n<li><div class=\"wp-block-latest-posts__featured-image alignleft\"><a href=\"https:\/\/www.velocampus.net\/en\/2025\/09\/26\/les-resultats-2025-du-barometre-velo-sont-disponibles\/\" aria-label=\"Les r\u00e9sultats 2025 du Barom\u00e8tre V\u00e9lo sont disponibles !\"><img loading=\"lazy\" decoding=\"async\" width=\"150\" height=\"150\" src=\"https:\/\/www.velocampus.net\/wp-content\/uploads\/2025\/09\/Barometre-Velo-150x150.png\" class=\"attachment-thumbnail size-thumbnail wp-post-image\" alt=\"\" style=\"\" srcset=\"https:\/\/www.velocampus.net\/wp-content\/uploads\/2025\/09\/Barometre-Velo-150x150.png 150w, https:\/\/www.velocampus.net\/wp-content\/uploads\/2025\/09\/Barometre-Velo-270x270.png 270w, https:\/\/www.velocampus.net\/wp-content\/uploads\/2025\/09\/Barometre-Velo-230x230.png 230w\" sizes=\"auto, (max-width: 150px) 100vw, 150px\" \/><\/a><\/div><a class=\"wp-block-latest-posts__post-title\" href=\"https:\/\/www.velocampus.net\/en\/2025\/09\/26\/les-resultats-2025-du-barometre-velo-sont-disponibles\/\">Les r\u00e9sultats 2025 du Barom\u00e8tre V\u00e9lo sont disponibles !<\/a><time datetime=\"2025-09-26T14:48:44+02:00\" class=\"wp-block-latest-posts__post-date\">26 September 2025<\/time><\/li>\n<li><div class=\"wp-block-latest-posts__featured-image alignleft\"><a href=\"https:\/\/www.velocampus.net\/en\/2025\/09\/05\/benevolez-a-latelier-de-la-rustine\/\" aria-label=\"B\u00e9n\u00e9volez \u00e0 l&#8217;Atelier de la Rustine !\"><img loading=\"lazy\" decoding=\"async\" width=\"150\" height=\"150\" src=\"https:\/\/www.velocampus.net\/wp-content\/uploads\/2025\/09\/Capture-decran-2025-09-05-a-11.54.15-150x150.png\" class=\"attachment-thumbnail size-thumbnail wp-post-image\" alt=\"\" style=\"\" srcset=\"https:\/\/www.velocampus.net\/wp-content\/uploads\/2025\/09\/Capture-decran-2025-09-05-a-11.54.15-150x150.png 150w, https:\/\/www.velocampus.net\/wp-content\/uploads\/2025\/09\/Capture-decran-2025-09-05-a-11.54.15-270x270.png 270w, https:\/\/www.velocampus.net\/wp-content\/uploads\/2025\/09\/Capture-decran-2025-09-05-a-11.54.15-230x230.png 230w\" sizes=\"auto, (max-width: 150px) 100vw, 150px\" \/><\/a><\/div><a class=\"wp-block-latest-posts__post-title\" href=\"https:\/\/www.velocampus.net\/en\/2025\/09\/05\/benevolez-a-latelier-de-la-rustine\/\">B\u00e9n\u00e9volez \u00e0 l&#8217;Atelier de la Rustine !<\/a><time datetime=\"2025-09-05T11:53:14+02:00\" class=\"wp-block-latest-posts__post-date\">5 September 2025<\/time><\/li>\n<li><div class=\"wp-block-latest-posts__featured-image alignleft\"><a href=\"https:\/\/www.velocampus.net\/en\/2025\/04\/23\/les-9-10-et-11-mai-cest-lincrevable-festival\/\" aria-label=\"Les 9, 10 et 11 mai, c&#8217;est L&#8217;Increvable Festival !\"><img loading=\"lazy\" decoding=\"async\" width=\"150\" height=\"150\" src=\"https:\/\/www.velocampus.net\/wp-content\/uploads\/2025\/04\/affiche-prog_incre_MONT_V6_web_page-0001-150x150.jpg\" class=\"attachment-thumbnail size-thumbnail wp-post-image\" alt=\"\" style=\"\" srcset=\"https:\/\/www.velocampus.net\/wp-content\/uploads\/2025\/04\/affiche-prog_incre_MONT_V6_web_page-0001-150x150.jpg 150w, https:\/\/www.velocampus.net\/wp-content\/uploads\/2025\/04\/affiche-prog_incre_MONT_V6_web_page-0001-270x270.jpg 270w, https:\/\/www.velocampus.net\/wp-content\/uploads\/2025\/04\/affiche-prog_incre_MONT_V6_web_page-0001-230x230.jpg 230w\" sizes=\"auto, (max-width: 150px) 100vw, 150px\" \/><\/a><\/div><a class=\"wp-block-latest-posts__post-title\" href=\"https:\/\/www.velocampus.net\/en\/2025\/04\/23\/les-9-10-et-11-mai-cest-lincrevable-festival\/\">Les 9, 10 et 11 mai, c&#8217;est L&#8217;Increvable Festival !<\/a><time datetime=\"2025-04-23T14:39:24+02:00\" class=\"wp-block-latest-posts__post-date\">23 April 2025<\/time><\/li>\n<li><div class=\"wp-block-latest-posts__featured-image alignleft\"><a href=\"https:\/\/www.velocampus.net\/en\/2025\/03\/06\/festival-deux-mains-2025-un-pole-velo-et-de-superbes-animations-en-perspective\/\" aria-label=\"Festival Deux Mains 2025 : un p\u00f4le v\u00e9lo et de superbes animations en perspective !\"><img loading=\"lazy\" decoding=\"async\" width=\"150\" height=\"150\" src=\"https:\/\/www.velocampus.net\/wp-content\/uploads\/2025\/03\/Festival-Deux-Mains-e1741333510869-150x150.jpg\" class=\"attachment-thumbnail size-thumbnail wp-post-image\" alt=\"\" style=\"\" srcset=\"https:\/\/www.velocampus.net\/wp-content\/uploads\/2025\/03\/Festival-Deux-Mains-e1741333510869-150x150.jpg 150w, https:\/\/www.velocampus.net\/wp-content\/uploads\/2025\/03\/Festival-Deux-Mains-e1741333510869-270x270.jpg 270w, https:\/\/www.velocampus.net\/wp-content\/uploads\/2025\/03\/Festival-Deux-Mains-e1741333510869-230x230.jpg 230w\" sizes=\"auto, (max-width: 150px) 100vw, 150px\" \/><\/a><\/div><a class=\"wp-block-latest-posts__post-title\" href=\"https:\/\/www.velocampus.net\/en\/2025\/03\/06\/festival-deux-mains-2025-un-pole-velo-et-de-superbes-animations-en-perspective\/\">Festival Deux Mains 2025 : un p\u00f4le v\u00e9lo et de superbes animations en perspective !<\/a><time datetime=\"2025-03-06T16:11:39+01:00\" class=\"wp-block-latest-posts__post-date\">6 March 2025<\/time><\/li>\n<li><a class=\"wp-block-latest-posts__post-title\" href=\"https:\/\/www.velocampus.net\/en\/2025\/02\/07\/definir-les-termes-linclusivite\/\">D\u00e9finir les termes : l&#8217;inclusivit\u00e9<\/a><time datetime=\"2025-02-07T12:46:38+01:00\" class=\"wp-block-latest-posts__post-date\">7 February 2025<\/time><\/li>\n<li><div class=\"wp-block-latest-posts__featured-image alignleft\"><a href=\"https:\/\/www.velocampus.net\/en\/2025\/02\/07\/dimportants-changements-dans-nos-usages-en-ligne\/\" aria-label=\"D&#8217;importants changements dans nos usages en ligne\"><img loading=\"lazy\" decoding=\"async\" width=\"150\" height=\"150\" src=\"https:\/\/www.velocampus.net\/wp-content\/uploads\/2025\/02\/mastodon-copie-1-150x150.webp\" class=\"attachment-thumbnail size-thumbnail wp-post-image\" alt=\"\" style=\"\" srcset=\"https:\/\/www.velocampus.net\/wp-content\/uploads\/2025\/02\/mastodon-copie-1-150x150.webp 150w, https:\/\/www.velocampus.net\/wp-content\/uploads\/2025\/02\/mastodon-copie-1-270x270.webp 270w, https:\/\/www.velocampus.net\/wp-content\/uploads\/2025\/02\/mastodon-copie-1-230x230.webp 230w\" sizes=\"auto, (max-width: 150px) 100vw, 150px\" \/><\/a><\/div><a class=\"wp-block-latest-posts__post-title\" href=\"https:\/\/www.velocampus.net\/en\/2025\/02\/07\/dimportants-changements-dans-nos-usages-en-ligne\/\">D&#8217;importants changements dans nos usages en ligne<\/a><time datetime=\"2025-02-07T12:33:07+01:00\" class=\"wp-block-latest-posts__post-date\">7 February 2025<\/time><\/li>\n<li><div class=\"wp-block-latest-posts__featured-image alignleft\"><a href=\"https:\/\/www.velocampus.net\/en\/2025\/02\/07\/nos-formations-avec-lecole-etre-de-nantes\/\" aria-label=\"Nos formations avec l\u2019\u00c9cole \u00catre de Nantes\"><img loading=\"lazy\" decoding=\"async\" width=\"150\" height=\"150\" src=\"https:\/\/www.velocampus.net\/wp-content\/uploads\/2025\/02\/1691080053661lkvdegf1-150x150.jpeg\" class=\"attachment-thumbnail size-thumbnail wp-post-image\" alt=\"\" style=\"\" srcset=\"https:\/\/www.velocampus.net\/wp-content\/uploads\/2025\/02\/1691080053661lkvdegf1-150x150.jpeg 150w, https:\/\/www.velocampus.net\/wp-content\/uploads\/2025\/02\/1691080053661lkvdegf1-270x270.jpeg 270w, https:\/\/www.velocampus.net\/wp-content\/uploads\/2025\/02\/1691080053661lkvdegf1-230x230.jpeg 230w\" sizes=\"auto, (max-width: 150px) 100vw, 150px\" \/><\/a><\/div><a class=\"wp-block-latest-posts__post-title\" href=\"https:\/\/www.velocampus.net\/en\/2025\/02\/07\/nos-formations-avec-lecole-etre-de-nantes\/\">Nos formations avec l\u2019\u00c9cole \u00catre de Nantes<\/a><time datetime=\"2025-02-07T12:17:28+01:00\" class=\"wp-block-latest-posts__post-date\">7 February 2025<\/time><\/li>\n<li><div class=\"wp-block-latest-posts__featured-image alignleft\"><a href=\"https:\/\/www.velocampus.net\/en\/2025\/02\/07\/velocampus-au-25e-congres-de-la-fub\/\" aria-label=\"Le 25\u00e8 congr\u00e8s de la FUB\"><img loading=\"lazy\" decoding=\"async\" width=\"150\" height=\"150\" src=\"https:\/\/www.velocampus.net\/wp-content\/uploads\/2025\/02\/site_actu_880x400_1-150x150.jpg\" class=\"attachment-thumbnail size-thumbnail wp-post-image\" alt=\"\" style=\"\" srcset=\"https:\/\/www.velocampus.net\/wp-content\/uploads\/2025\/02\/site_actu_880x400_1-150x150.jpg 150w, https:\/\/www.velocampus.net\/wp-content\/uploads\/2025\/02\/site_actu_880x400_1-270x270.jpg 270w, https:\/\/www.velocampus.net\/wp-content\/uploads\/2025\/02\/site_actu_880x400_1-230x230.jpg 230w\" sizes=\"auto, (max-width: 150px) 100vw, 150px\" \/><\/a><\/div><a class=\"wp-block-latest-posts__post-title\" href=\"https:\/\/www.velocampus.net\/en\/2025\/02\/07\/velocampus-au-25e-congres-de-la-fub\/\">Le 25\u00e8 congr\u00e8s de la FUB<\/a><time datetime=\"2025-02-07T12:10:51+01:00\" class=\"wp-block-latest-posts__post-date\">7 February 2025<\/time><\/li>\n<li><div class=\"wp-block-latest-posts__featured-image alignleft\"><a href=\"https:\/\/www.velocampus.net\/en\/2025\/01\/17\/marche-des-createurs%c2%b7ices-de-velocampus-vivement-le-31-janvier\/\" aria-label=\"March\u00e9 des Cr\u00e9ateurs\u00b7ices de V\u00e9locampus : vivement le 31 janvier !\"><img loading=\"lazy\" decoding=\"async\" width=\"150\" height=\"150\" src=\"https:\/\/www.velocampus.net\/wp-content\/uploads\/2025\/01\/affiche_marche_FINALE-minmin-150x150.jpeg\" class=\"attachment-thumbnail size-thumbnail wp-post-image\" alt=\"\" style=\"\" srcset=\"https:\/\/www.velocampus.net\/wp-content\/uploads\/2025\/01\/affiche_marche_FINALE-minmin-150x150.jpeg 150w, https:\/\/www.velocampus.net\/wp-content\/uploads\/2025\/01\/affiche_marche_FINALE-minmin-270x270.jpeg 270w, https:\/\/www.velocampus.net\/wp-content\/uploads\/2025\/01\/affiche_marche_FINALE-minmin-230x230.jpeg 230w\" sizes=\"auto, (max-width: 150px) 100vw, 150px\" \/><\/a><\/div><a class=\"wp-block-latest-posts__post-title\" href=\"https:\/\/www.velocampus.net\/en\/2025\/01\/17\/marche-des-createurs%c2%b7ices-de-velocampus-vivement-le-31-janvier\/\">March\u00e9 des Cr\u00e9ateurs\u00b7ices de V\u00e9locampus : vivement le 31 janvier !<\/a><time datetime=\"2025-01-17T13:57:14+01:00\" class=\"wp-block-latest-posts__post-date\">17 January 2025<\/time><\/li>\n<li><div class=\"wp-block-latest-posts__featured-image alignleft\"><a href=\"https:\/\/www.velocampus.net\/en\/2025\/01\/09\/une-semaine-sous-le-signe-de-la-creation\/\" aria-label=\"Une semaine sous le signe de la cr\u00e9ation\"><img loading=\"lazy\" decoding=\"async\" width=\"150\" height=\"150\" src=\"https:\/\/www.velocampus.net\/wp-content\/uploads\/2025\/01\/DSCF6820-min-150x150.jpg\" class=\"attachment-thumbnail size-thumbnail wp-post-image\" alt=\"\" style=\"\" srcset=\"https:\/\/www.velocampus.net\/wp-content\/uploads\/2025\/01\/DSCF6820-min-150x150.jpg 150w, https:\/\/www.velocampus.net\/wp-content\/uploads\/2025\/01\/DSCF6820-min-270x270.jpg 270w, https:\/\/www.velocampus.net\/wp-content\/uploads\/2025\/01\/DSCF6820-min-230x230.jpg 230w\" sizes=\"auto, (max-width: 150px) 100vw, 150px\" \/><\/a><\/div><a class=\"wp-block-latest-posts__post-title\" href=\"https:\/\/www.velocampus.net\/en\/2025\/01\/09\/une-semaine-sous-le-signe-de-la-creation\/\">Une semaine sous le signe de la cr\u00e9ation<\/a><time datetime=\"2025-01-09T15:48:51+01:00\" class=\"wp-block-latest-posts__post-date\">9 January 2025<\/time><\/li>\n<li><div class=\"wp-block-latest-posts__featured-image alignleft\"><a href=\"https:\/\/www.velocampus.net\/en\/2024\/11\/23\/velorution-nantes\/\" aria-label=\"V\u00e9lorution Nantes\"><img loading=\"lazy\" decoding=\"async\" width=\"150\" height=\"150\" src=\"https:\/\/www.velocampus.net\/wp-content\/uploads\/2024\/11\/6516b090393b2c2aee2ea1bd-150x150.jpeg\" class=\"attachment-thumbnail size-thumbnail wp-post-image\" alt=\"\" style=\"\" srcset=\"https:\/\/www.velocampus.net\/wp-content\/uploads\/2024\/11\/6516b090393b2c2aee2ea1bd-150x150.jpeg 150w, https:\/\/www.velocampus.net\/wp-content\/uploads\/2024\/11\/6516b090393b2c2aee2ea1bd.jpeg 225w\" sizes=\"auto, (max-width: 150px) 100vw, 150px\" \/><\/a><\/div><a class=\"wp-block-latest-posts__post-title\" href=\"https:\/\/www.velocampus.net\/en\/2024\/11\/23\/velorution-nantes\/\">V\u00e9lorution Nantes<\/a><time datetime=\"2024-11-23T14:54:48+01:00\" class=\"wp-block-latest-posts__post-date\">23 November 2024<\/time><\/li>\n<li><div class=\"wp-block-latest-posts__featured-image alignleft\"><a href=\"https:\/\/www.velocampus.net\/en\/2024\/11\/23\/les-aides-a-lachat-de-velos-de-nantes-metropole\/\" aria-label=\"Les aides \u00e0 l&#8217;achat de v\u00e9los de Nantes M\u00e9tropole\"><img loading=\"lazy\" decoding=\"async\" width=\"150\" height=\"150\" src=\"https:\/\/www.velocampus.net\/wp-content\/uploads\/2024\/11\/65670fee3d6f49c0d839d138-150x150.jpg\" class=\"attachment-thumbnail size-thumbnail wp-post-image\" alt=\"\" style=\"\" srcset=\"https:\/\/www.velocampus.net\/wp-content\/uploads\/2024\/11\/65670fee3d6f49c0d839d138-150x150.jpg 150w, https:\/\/www.velocampus.net\/wp-content\/uploads\/2024\/11\/65670fee3d6f49c0d839d138-270x270.jpg 270w, https:\/\/www.velocampus.net\/wp-content\/uploads\/2024\/11\/65670fee3d6f49c0d839d138-230x230.jpg 230w\" sizes=\"auto, (max-width: 150px) 100vw, 150px\" \/><\/a><\/div><a class=\"wp-block-latest-posts__post-title\" href=\"https:\/\/www.velocampus.net\/en\/2024\/11\/23\/les-aides-a-lachat-de-velos-de-nantes-metropole\/\">Les aides \u00e0 l&#8217;achat de v\u00e9los de Nantes M\u00e9tropole<\/a><time datetime=\"2024-11-23T14:53:51+01:00\" class=\"wp-block-latest-posts__post-date\">23 November 2024<\/time><\/li>\n<li><div class=\"wp-block-latest-posts__featured-image alignleft\"><a href=\"https:\/\/www.velocampus.net\/en\/2024\/11\/23\/repair-cafe-nomade-sur-les-campus-nantais\/\" aria-label=\"Repair Caf\u00e9 Nomade sur les campus nantais\"><img loading=\"lazy\" decoding=\"async\" width=\"150\" height=\"150\" src=\"https:\/\/www.velocampus.net\/wp-content\/uploads\/2024\/11\/6729f590af4eafc1b584108f-150x150.png\" class=\"attachment-thumbnail size-thumbnail wp-post-image\" alt=\"\" style=\"\" srcset=\"https:\/\/www.velocampus.net\/wp-content\/uploads\/2024\/11\/6729f590af4eafc1b584108f-150x150.png 150w, https:\/\/www.velocampus.net\/wp-content\/uploads\/2024\/11\/6729f590af4eafc1b584108f-270x270.png 270w, https:\/\/www.velocampus.net\/wp-content\/uploads\/2024\/11\/6729f590af4eafc1b584108f-230x230.png 230w\" sizes=\"auto, (max-width: 150px) 100vw, 150px\" \/><\/a><\/div><a class=\"wp-block-latest-posts__post-title\" href=\"https:\/\/www.velocampus.net\/en\/2024\/11\/23\/repair-cafe-nomade-sur-les-campus-nantais\/\">Repair Caf\u00e9 Nomade sur les campus nantais<\/a><time datetime=\"2024-11-23T14:49:14+01:00\" class=\"wp-block-latest-posts__post-date\">23 November 2024<\/time><\/li>\n<li><div class=\"wp-block-latest-posts__featured-image alignleft\"><a href=\"https:\/\/www.velocampus.net\/en\/2024\/11\/23\/semaine-europeenne-de-reduction-des-dechets-du-16-au-24-novembre-2024\/\" aria-label=\"Semaine Europ\u00e9enne de R\u00e9duction des D\u00e9chets &#8211; du 16 au 24 novembre 2024\"><img loading=\"lazy\" decoding=\"async\" width=\"143\" height=\"150\" src=\"https:\/\/www.velocampus.net\/wp-content\/uploads\/2024\/11\/65324927c8246f17403710f1-143x150.jpg\" class=\"attachment-thumbnail size-thumbnail wp-post-image\" alt=\"\" style=\"\" \/><\/a><\/div><a class=\"wp-block-latest-posts__post-title\" href=\"https:\/\/www.velocampus.net\/en\/2024\/11\/23\/semaine-europeenne-de-reduction-des-dechets-du-16-au-24-novembre-2024\/\">Semaine Europ\u00e9enne de R\u00e9duction des D\u00e9chets &#8211; du 16 au 24 novembre 2024<\/a><time datetime=\"2024-11-23T14:46:58+01:00\" class=\"wp-block-latest-posts__post-date\">23 November 2024<\/time><\/li>\n<li><div class=\"wp-block-latest-posts__featured-image alignleft\"><a href=\"https:\/\/www.velocampus.net\/en\/2024\/11\/23\/operation-cyclistes-brillez\/\" aria-label=\"Op\u00e9ration &#8220;Cyclistes, brillez&#8221;\"><img loading=\"lazy\" decoding=\"async\" width=\"150\" height=\"150\" src=\"https:\/\/www.velocampus.net\/wp-content\/uploads\/2024\/11\/65393d1b1d31822b28710a70-150x150.jpg\" class=\"attachment-thumbnail size-thumbnail wp-post-image\" alt=\"\" style=\"\" srcset=\"https:\/\/www.velocampus.net\/wp-content\/uploads\/2024\/11\/65393d1b1d31822b28710a70-150x150.jpg 150w, https:\/\/www.velocampus.net\/wp-content\/uploads\/2024\/11\/65393d1b1d31822b28710a70-270x270.jpg 270w, https:\/\/www.velocampus.net\/wp-content\/uploads\/2024\/11\/65393d1b1d31822b28710a70-230x230.jpg 230w\" sizes=\"auto, (max-width: 150px) 100vw, 150px\" \/><\/a><\/div><a class=\"wp-block-latest-posts__post-title\" href=\"https:\/\/www.velocampus.net\/en\/2024\/11\/23\/operation-cyclistes-brillez\/\">Op\u00e9ration &#8220;Cyclistes, brillez&#8221;<\/a><time datetime=\"2024-11-23T14:44:05+01:00\" class=\"wp-block-latest-posts__post-date\">23 November 2024<\/time><\/li>\n<li><div class=\"wp-block-latest-posts__featured-image alignleft\"><a href=\"https:\/\/www.velocampus.net\/en\/2024\/11\/23\/stop-aux-violences-motorisees-signez-la-petition-de-la-fub\/\" aria-label=\"Stop aux violences motoris\u00e9es &#8211; Signez la p\u00e9tition de la FUB !\"><img loading=\"lazy\" decoding=\"async\" width=\"150\" height=\"150\" src=\"https:\/\/www.velocampus.net\/wp-content\/uploads\/2024\/11\/6729dfbe7295bb4e41e1b885-150x150.png\" class=\"attachment-thumbnail size-thumbnail wp-post-image\" alt=\"\" style=\"\" srcset=\"https:\/\/www.velocampus.net\/wp-content\/uploads\/2024\/11\/6729dfbe7295bb4e41e1b885-150x150.png 150w, https:\/\/www.velocampus.net\/wp-content\/uploads\/2024\/11\/6729dfbe7295bb4e41e1b885-270x270.png 270w, https:\/\/www.velocampus.net\/wp-content\/uploads\/2024\/11\/6729dfbe7295bb4e41e1b885-230x230.png 230w\" sizes=\"auto, (max-width: 150px) 100vw, 150px\" \/><\/a><\/div><a class=\"wp-block-latest-posts__post-title\" href=\"https:\/\/www.velocampus.net\/en\/2024\/11\/23\/stop-aux-violences-motorisees-signez-la-petition-de-la-fub\/\">Stop aux violences motoris\u00e9es &#8211; Signez la p\u00e9tition de la FUB !<\/a><time datetime=\"2024-11-23T14:39:41+01:00\" class=\"wp-block-latest-posts__post-date\">23 November 2024<\/time><\/li>\n<li><div class=\"wp-block-latest-posts__featured-image alignleft\"><a href=\"https:\/\/www.velocampus.net\/en\/2024\/10\/18\/accueil-sur-resa-mercredi-samedi\/\" aria-label=\"ACCUEIL SUR RESA \u2013 Mercredi &#038; Samedi\"><img loading=\"lazy\" decoding=\"async\" width=\"150\" height=\"150\" src=\"https:\/\/www.velocampus.net\/wp-content\/uploads\/2024\/10\/insta-post-resa-nov-2024-150x150.jpg\" class=\"attachment-thumbnail size-thumbnail wp-post-image\" alt=\"\" style=\"\" srcset=\"https:\/\/www.velocampus.net\/wp-content\/uploads\/2024\/10\/insta-post-resa-nov-2024-150x150.jpg 150w, https:\/\/www.velocampus.net\/wp-content\/uploads\/2024\/10\/insta-post-resa-nov-2024-300x300.jpg 300w, https:\/\/www.velocampus.net\/wp-content\/uploads\/2024\/10\/insta-post-resa-nov-2024-1024x1024.jpg 1024w, https:\/\/www.velocampus.net\/wp-content\/uploads\/2024\/10\/insta-post-resa-nov-2024-768x768.jpg 768w, https:\/\/www.velocampus.net\/wp-content\/uploads\/2024\/10\/insta-post-resa-nov-2024-270x270.jpg 270w, https:\/\/www.velocampus.net\/wp-content\/uploads\/2024\/10\/insta-post-resa-nov-2024-230x230.jpg 230w, https:\/\/www.velocampus.net\/wp-content\/uploads\/2024\/10\/insta-post-resa-nov-2024.jpg 1080w\" sizes=\"auto, (max-width: 150px) 100vw, 150px\" \/><\/a><\/div><a class=\"wp-block-latest-posts__post-title\" href=\"https:\/\/www.velocampus.net\/en\/2024\/10\/18\/accueil-sur-resa-mercredi-samedi\/\">ACCUEIL SUR RESA \u2013 Mercredi &#038; Samedi<\/a><time datetime=\"2024-10-18T15:31:29+02:00\" class=\"wp-block-latest-posts__post-date\">18 October 2024<\/time><\/li>\n<li><a class=\"wp-block-latest-posts__post-title\" href=\"https:\/\/www.velocampus.net\/en\/2024\/06\/21\/communique-de-velocampus\/\">Communiqu\u00e9 de V\u00e9locampus suite aux r\u00e9sultats des \u00e9lections europ\u00e9ennes.<\/a><time datetime=\"2024-06-21T12:17:40+02:00\" class=\"wp-block-latest-posts__post-date\">21 June 2024<\/time><\/li>\n<li><div class=\"wp-block-latest-posts__featured-image alignleft\"><a href=\"https:\/\/www.velocampus.net\/en\/2018\/12\/21\/le-site-de-velocampus-fait-peau-neuve\/\" aria-label=\"Le site de V\u00e9locampus fait peau neuve !\"><img loading=\"lazy\" decoding=\"async\" width=\"150\" height=\"150\" src=\"https:\/\/www.velocampus.net\/wp-content\/uploads\/2019\/01\/celle-cornue-150x150.jpg\" class=\"attachment-thumbnail size-thumbnail wp-post-image\" alt=\"\" style=\"\" srcset=\"https:\/\/www.velocampus.net\/wp-content\/uploads\/2019\/01\/celle-cornue-150x150.jpg 150w, https:\/\/www.velocampus.net\/wp-content\/uploads\/2019\/01\/celle-cornue-270x270.jpg 270w, https:\/\/www.velocampus.net\/wp-content\/uploads\/2019\/01\/celle-cornue-230x230.jpg 230w\" sizes=\"auto, (max-width: 150px) 100vw, 150px\" \/><\/a><\/div><a class=\"wp-block-latest-posts__post-title\" href=\"https:\/\/www.velocampus.net\/en\/2018\/12\/21\/le-site-de-velocampus-fait-peau-neuve\/\">Le site de V\u00e9locampus fait peau neuve !<\/a><time datetime=\"2018-12-21T16:38:46+01:00\" class=\"wp-block-latest-posts__post-date\">21 December 2018<\/time><\/li>\n<\/ul>","protected":false},"excerpt":{"rendered":"<p>Retrouvez ici les rubriques de notre newsletter touchant \u00e0 l\u2019actualit\u00e9 de V\u00e9locampus et du v\u00e9lo !<\/p>\n","protected":false},"author":11,"featured_media":0,"parent":0,"menu_order":0,"comment_status":"closed","ping_status":"closed","template":"","meta":{"_lmt_disableupdate":"","_lmt_disable":"","footnotes":""},"class_list":["post-2113","page","type-page","status-publish","hentry"],"translation":{"provider":"WPGlobus","version":"3.0.2","language":"en","enabled_languages":["fr","en"],"languages":{"fr":{"title":true,"content":true,"excerpt":false},"en":{"title":false,"content":false,"excerpt":false}}},"_links":{"self":[{"href":"https:\/\/www.velocampus.net\/en\/wp-json\/wp\/v2\/pages\/2113","targetHints":{"allow":["GET"]}}],"collection":[{"href":"https:\/\/www.velocampus.net\/en\/wp-json\/wp\/v2\/pages"}],"about":[{"href":"https:\/\/www.velocampus.net\/en\/wp-json\/wp\/v2\/types\/page"}],"author":[{"embeddable":true,"href":"https:\/\/www.velocampus.net\/en\/wp-json\/wp\/v2\/users\/11"}],"replies":[{"embeddable":true,"href":"https:\/\/www.velocampus.net\/en\/wp-json\/wp\/v2\/comments?post=2113"}],"version-history":[{"count":2,"href":"https:\/\/www.velocampus.net\/en\/wp-json\/wp\/v2\/pages\/2113\/revisions"}],"predecessor-version":[{"id":2128,"href":"https:\/\/www.velocampus.net\/en\/wp-json\/wp\/v2\/pages\/2113\/revisions\/2128"}],"wp:attachment":[{"href":"https:\/\/www.velocampus.net\/en\/wp-json\/wp\/v2\/media?parent=2113"}],"curies":[{"name":"wp","href":"https:\/\/api.w.org\/{rel}","templated":true}]}}