{"id":2107,"date":"2025-11-29T14:42:44","date_gmt":"2025-11-29T13:42:44","guid":{"rendered":"https:\/\/www.velocampus.net\/?page_id=2107"},"modified":"2025-11-30T15:39:51","modified_gmt":"2025-11-30T14:39:51","slug":"animations-hors-les-murs","status":"publish","type":"page","link":"https:\/\/www.velocampus.net\/en\/animations-hors-les-murs\/","title":{"rendered":"Animations hors-les-murs"},"content":{"rendered":"\n<p>On chemine aussi vers la r\u00e9duction des d\u00e9chets et du gaspillage alimentaire !<\/p>\n\n\n\n<p>V\u00e9locampus, ce n\u2019est pas uniquement des actions autour de la r\u00e9paration de v\u00e9los ! C\u2019est aussi des animations conviviales consacr\u00e9es \u00e0 des th\u00e8mes qui nous sont chers, et qui nous semblent primordiaux.<\/p>\n\n\n\n<h2 class=\"wp-block-heading\">Le v\u00e9lomixeur<\/h2>\n\n\n\n<p><strong>Le v\u00e9lomixeur<\/strong> est une machine \u00e9tonnante et ludique permettant de sensibiliser les publics aux enjeux de la r\u00e9duction des d\u00e9chets alimentaires. Son fonctionnement est simple : un v\u00e9lo fix\u00e9 sur un support entra\u00eene l\u2019h\u00e9lice d\u2019un blender dans lequel mixer d\u2019excellents smoothies ou des pestos. Nous essayons de faire en sorte que les fruits et les l\u00e9gumes que nous utilisons sur les animations soient des invendus que nous r\u00e9cup\u00e9rons aupr\u00e8s de magasins d\u2019alimentations bio. Les smoothies et pesto mix\u00e9s n\u2019en sont pas moins d\u00e9licieux, une bonne fa\u00e7on de comprendre que les fruits et l\u00e9gumes un peu ab\u00eem\u00e9s restent excellents, et m\u00e9ritent mieux que la poubelle !&nbsp;<\/p>\n\n\n\n<h2 class=\"wp-block-heading\">Les ateliers Cr\u00e9acycle<\/h2>\n\n\n\n<p><strong>Les ateliers Cr\u00e9acycle<\/strong> nous permettent d\u2019offrir aux pi\u00e8ces d\u00e9tach\u00e9es que nous r\u00e9cup\u00e9rons une seconde vie un peu diff\u00e9rente de ce \u00e0 quoi elles \u00e9taient initialement destin\u00e9es\u2026 ! Dans une perspective de r\u00e9emploi, nous proposons ainsi aux participants\u00b7es de ces ateliers de cr\u00e9er diff\u00e9rents objets (p\u00eale-m\u00eales pour accrocher des photos, dessous de plat, ouvre-bouteille, etc.) \u00e0 partir de pi\u00e8ces de seconde main.&nbsp;<\/p>\n\n\n\n<p>Si vous souhaitez participer, n\u2019h\u00e9sitez pas \u00e0 nous en faire part !<\/p>\n\n\n\n<h2 class=\"wp-block-heading\">Les Balades<\/h2>\n\n\n\n<p>V\u00e9locampus organise de temps en temps des ballades. Vous verrez appara\u00eetre les prochaines dans <a href=\"https:\/\/www.velocampus.net\" data-type=\"link\" data-id=\"https:\/\/www.velocampus.net\">les articles d\u2019actualit\u00e9s<\/a>, ou dans l&#8217;agenda ci-dessous.<\/p>\n\n\n<div class=\"r34ics-ajax-container loading\" id=\"r69e76477264b18d\" data-view=\"list\" data-view-is-list-style=\"1\" data-view-is-list-long=\"1\" data-args=\"99fc68d5eec9e2e82805a238824f691fc5aebf83\" data-js-args=\"{&quot;debug&quot;:null}\">&nbsp;<\/div>\n","protected":false},"excerpt":{"rendered":"<p>On chemine aussi vers la r\u00e9duction des d\u00e9chets et du gaspillage alimentaire ! V\u00e9locampus, ce n\u2019est pas uniquement des actions autour de la r\u00e9paration de v\u00e9los ! C\u2019est aussi des animations conviviales consacr\u00e9es \u00e0 des th\u00e8mes qui nous sont chers,<\/p>\n","protected":false},"author":11,"featured_media":1507,"parent":0,"menu_order":0,"comment_status":"closed","ping_status":"closed","template":"","meta":{"_lmt_disableupdate":"","_lmt_disable":"","footnotes":""},"class_list":["post-2107","page","type-page","status-publish","has-post-thumbnail","hentry"],"translation":{"provider":"WPGlobus","version":"3.0.2","language":"en","enabled_languages":["fr","en"],"languages":{"fr":{"title":true,"content":true,"excerpt":false},"en":{"title":false,"content":false,"excerpt":false}}},"_links":{"self":[{"href":"https:\/\/www.velocampus.net\/en\/wp-json\/wp\/v2\/pages\/2107","targetHints":{"allow":["GET"]}}],"collection":[{"href":"https:\/\/www.velocampus.net\/en\/wp-json\/wp\/v2\/pages"}],"about":[{"href":"https:\/\/www.velocampus.net\/en\/wp-json\/wp\/v2\/types\/page"}],"author":[{"embeddable":true,"href":"https:\/\/www.velocampus.net\/en\/wp-json\/wp\/v2\/users\/11"}],"replies":[{"embeddable":true,"href":"https:\/\/www.velocampus.net\/en\/wp-json\/wp\/v2\/comments?post=2107"}],"version-history":[{"count":10,"href":"https:\/\/www.velocampus.net\/en\/wp-json\/wp\/v2\/pages\/2107\/revisions"}],"predecessor-version":[{"id":2134,"href":"https:\/\/www.velocampus.net\/en\/wp-json\/wp\/v2\/pages\/2107\/revisions\/2134"}],"wp:featuredmedia":[{"embeddable":true,"href":"https:\/\/www.velocampus.net\/en\/wp-json\/wp\/v2\/media\/1507"}],"wp:attachment":[{"href":"https:\/\/www.velocampus.net\/en\/wp-json\/wp\/v2\/media?parent=2107"}],"curies":[{"name":"wp","href":"https:\/\/api.w.org\/{rel}","templated":true}]}}