{"id":2104,"date":"2025-11-29T14:38:40","date_gmt":"2025-11-29T13:38:40","guid":{"rendered":"https:\/\/www.velocampus.net\/?page_id=2104"},"modified":"2025-11-29T14:38:40","modified_gmt":"2025-11-29T13:38:40","slug":"la-bibliotheque","status":"publish","type":"page","link":"https:\/\/www.velocampus.net\/en\/la-bibliotheque\/","title":{"rendered":"La biblioth\u00e8que de V\u00e9locampus"},"content":{"rendered":"\n<p>V\u00e9locampus est une association pour beaucoup identifi\u00e9e gr\u00e2ce \u00e0 ces actions autour de la m\u00e9canique v\u00e9lo : <a href=\"https:\/\/www.velocampus.net\/atelier-participatifs\/\" data-type=\"page\" data-id=\"516\">les permanences d\u2019autor\u00e9paration<\/a>, l<a href=\"https:\/\/www.velocampus.net\/formations\/\" data-type=\"page\" data-id=\"930\">es formations aux bases de la m\u00e9canique cycle<\/a>, <a href=\"https:\/\/www.velocampus.net\/atelier-mobile\/\" data-type=\"page\" data-id=\"519\">les ateliers de v\u00e9rification de v\u00e9los en ext\u00e9rieur<\/a>\u2026 N\u00e9anmoins, toutes ces actions nous permettent de mettre en action un <a href=\"https:\/\/www.velocampus.net\/historique-et-valeurs\/\" data-type=\"page\" data-id=\"2093\">projet associatif<\/a> plus global, construit autour de valeurs telles que l\u2019\u00e9co-responsabilit\u00e9, l\u2019inclusivit\u00e9, le partage. C\u2019est justement la raison pour laquelle nous menons des <a href=\"https:\/\/web.archive.org\/web\/20250715152740\/https:\/\/www.velocampus.net\/activites\/animations-hors-les-murs\/\">actions de sensibilisation au r\u00e9emploi et \u00e0 la r\u00e9duction des d\u00e9chets<\/a>, telles que les V\u00e9lomixeurs, ou Cr\u00e9acycles.<\/p>\n\n\n\n<p>C\u2019est dans la m\u00eame perspective que notre projet de biblioth\u00e8que \u00e0 l\u2019atelier a vu le jour ! Car si elle pourrait sembler au premier abord un peu \u00e9loign\u00e9e de la m\u00e9canique v\u00e9lo, une biblioth\u00e8que consacr\u00e9e aux th\u00e8mes chers \u00e0 notre c\u0153ur (les d\u00e9placements \u00e0 v\u00e9lo, l\u2019\u00e9cologie, les luttes sociales, le f\u00e9minisme), nous semble en effet \u00eatre une initiative compl\u00e9mentaire \u00e0 nos activit\u00e9s existantes. Cela permet de faire \u0153uvre de sensibilisation et de p\u00e9dagogie d\u2019une autre fa\u00e7on, et cela permet \u00e9galement de mettre \u00e0 bas un clivage \u00e9cul\u00e9, selon lequel il existerait d\u2019un c\u00f4t\u00e9 les activit\u00e9s manuelles, et d\u2019un autre c\u00f4t\u00e9 les activit\u00e9s sensibles et intellectuelles. Nous souhaitons que V\u00e9locampus soit un lieu o\u00f9 ces aspirations se rencontrent d\u2019une multitude de fa\u00e7ons, et toujours gaiement. \u00c0 cet \u00e9gard, le choix d\u2019avoir dispos\u00e9 notre fonds documentaire actuel dans la biblioth\u00e8que mobile qui tr\u00f4ne dans l\u2019atelier n\u2019est pas anodin !<\/p>\n\n\n\n<p>D\u2019autant plus que, parlant de biblioth\u00e8que, nous ne parlons pas uniquement d\u2019un fonds documentaire et des supports pour le contenir, mais aussi d\u2019animations pour faire vivre notre collection :<\/p>\n\n\n\n<ul class=\"wp-block-list\">\n<li>Ateliers d\u2019\u00e9criture et de cr\u00e9ation de zines : nous envisageons l\u2019atelier d\u2019\u00e9criture comme un outil pr\u00e9cieux pour livrer des retours sur exp\u00e9rience, des v\u00e9cus sur les th\u00e9matiques au centre de notre projet associatif. Quant au zine \u2013 ou fanzine \u2013, c\u2019est un format qui pr\u00e9sente de nombreux avantages\u00a0: il est artisanal et facile \u00e0 diffuser, il permet d\u2019exp\u00e9rimenter des fa\u00e7ons de mettre en page un propos, et son \u00e9criture peut \u00eatre collective\u00a0! Nous proposons ainsi de mettre en place des ateliers d\u2019\u00e9criture autour de la pratique du v\u00e9lo, de la r\u00e9paration, de l\u2019\u00e9cologie, <em>etc<\/em> qui donneront ensuite lieu \u00e0 la cr\u00e9ation de zines qui viendront garnir notre fonds\u2026 et qui pourront m\u00eame \u00eatre pr\u00e9sent\u00e9s en ext\u00e9rieur gr\u00e2ce \u00e0 la biblioth\u00e8que mobile\u00a0!<\/li>\n\n\n\n<li>La biblioth\u00e8que mobile \u2013 ou Bibliov\u00e9lo : il s\u2019agit d\u2019une biblioth\u00e8que tract\u00e9e \u00e0 v\u00e9lo qui nous permet de d\u00e9placer une partie de notre fonds, ainsi que du petit mat\u00e9riel (tables et chaises pliantes, supports d\u2019information) pour proposer des livres \u00e0 la lecture et pr\u00e9senter des petits formats p\u00e9dagogiques et th\u00e9matiques. Cette action peut ainsi se d\u00e9ployer en marge de v\u00e9lomixeurs, d\u2019ateliers Cr\u00e9acycle ou d\u2019ateliers mobiles !<\/li>\n\n\n\n<li>\u00c9v\u00e9nements \u00e0 l\u2019atelier : toujours dans l\u2019id\u00e9e de cr\u00e9er des ponts entre les th\u00e9matiques qui nous ch\u00e8res, les livres qui en traitent et le public de V\u00e9locampus, nous souhaiterions mettre en place des \u00e9v\u00e9nements culturels tels que des conf\u00e9rences et des pr\u00e9sentations d\u2019ouvrages faisant \u00e9cho aux th\u00e9matiques qui nous ch\u00e8res.<\/li>\n<\/ul>\n","protected":false},"excerpt":{"rendered":"<p>V\u00e9locampus est une association pour beaucoup identifi\u00e9e gr\u00e2ce \u00e0 ces actions autour de la m\u00e9canique v\u00e9lo : les permanences d\u2019autor\u00e9paration, les formations aux bases de la m\u00e9canique cycle, les ateliers de v\u00e9rification de v\u00e9los en ext\u00e9rieur\u2026 N\u00e9anmoins, toutes ces actions<\/p>\n","protected":false},"author":11,"featured_media":0,"parent":0,"menu_order":0,"comment_status":"closed","ping_status":"closed","template":"","meta":{"_lmt_disableupdate":"","_lmt_disable":"","footnotes":""},"class_list":["post-2104","page","type-page","status-publish","hentry"],"translation":{"provider":"WPGlobus","version":"3.0.2","language":"en","enabled_languages":["fr","en"],"languages":{"fr":{"title":true,"content":true,"excerpt":false},"en":{"title":false,"content":false,"excerpt":false}}},"_links":{"self":[{"href":"https:\/\/www.velocampus.net\/en\/wp-json\/wp\/v2\/pages\/2104","targetHints":{"allow":["GET"]}}],"collection":[{"href":"https:\/\/www.velocampus.net\/en\/wp-json\/wp\/v2\/pages"}],"about":[{"href":"https:\/\/www.velocampus.net\/en\/wp-json\/wp\/v2\/types\/page"}],"author":[{"embeddable":true,"href":"https:\/\/www.velocampus.net\/en\/wp-json\/wp\/v2\/users\/11"}],"replies":[{"embeddable":true,"href":"https:\/\/www.velocampus.net\/en\/wp-json\/wp\/v2\/comments?post=2104"}],"version-history":[{"count":1,"href":"https:\/\/www.velocampus.net\/en\/wp-json\/wp\/v2\/pages\/2104\/revisions"}],"predecessor-version":[{"id":2105,"href":"https:\/\/www.velocampus.net\/en\/wp-json\/wp\/v2\/pages\/2104\/revisions\/2105"}],"wp:attachment":[{"href":"https:\/\/www.velocampus.net\/en\/wp-json\/wp\/v2\/media?parent=2104"}],"curies":[{"name":"wp","href":"https:\/\/api.w.org\/{rel}","templated":true}]}}