{"id":2093,"date":"2025-11-29T14:31:17","date_gmt":"2025-11-29T13:31:17","guid":{"rendered":"https:\/\/www.velocampus.net\/?page_id=2093"},"modified":"2025-11-29T14:31:18","modified_gmt":"2025-11-29T13:31:18","slug":"historique-et-valeurs","status":"publish","type":"page","link":"https:\/\/www.velocampus.net\/en\/historique-et-valeurs\/","title":{"rendered":"Historique et Valeurs"},"content":{"rendered":"\n<p>T\u00e9l\u00e9chargez ci-dessous les documents relatifs \u00e0 l\u2019AG de V\u00e9locampus du 21 juin 2025<\/p>\n\n\n\n<div class=\"wp-block-file\"><a id=\"wp-block-file--media-1606d2a4-dfb3-4b6b-85ca-277788a1caca\" href=\"https:\/\/www.velocampus.net\/wp-content\/uploads\/2025\/11\/Rapport-financier-2024-AG-21-juin-2025.pdf\">Rapport financier 2024 &#8211; AG 21 juin 2025<\/a><a href=\"https:\/\/www.velocampus.net\/wp-content\/uploads\/2025\/11\/Rapport-financier-2024-AG-21-juin-2025.pdf\" class=\"wp-block-file__button wp-element-button\" download aria-describedby=\"wp-block-file--media-1606d2a4-dfb3-4b6b-85ca-277788a1caca\">T\u00e9l\u00e9charger<\/a><\/div>\n\n\n\n<div class=\"wp-block-file\"><a id=\"wp-block-file--media-db6bfe0c-2b15-4611-b0b6-d88e387e8797\" href=\"https:\/\/www.velocampus.net\/wp-content\/uploads\/2025\/11\/Rapport-dactivites-2024-AG-21-juin-2025.pdf\">Rapport d&#8217;activit\u00e9s 2024 &#8211; AG 21 juin 2025<\/a><a href=\"https:\/\/www.velocampus.net\/wp-content\/uploads\/2025\/11\/Rapport-dactivites-2024-AG-21-juin-2025.pdf\" class=\"wp-block-file__button wp-element-button\" download aria-describedby=\"wp-block-file--media-db6bfe0c-2b15-4611-b0b6-d88e387e8797\">T\u00e9l\u00e9charger<\/a><\/div>\n\n\n\n<div class=\"wp-block-file\"><a id=\"wp-block-file--media-0bf49113-86d6-4197-89a5-a4c9ce38f268\" href=\"https:\/\/www.velocampus.net\/wp-content\/uploads\/2025\/11\/Rapport-Moral-2024-AG-21-juin-2025.pdf\">Rapport Moral 2024 &#8211; AG 21 juin 2025<\/a><a href=\"https:\/\/www.velocampus.net\/wp-content\/uploads\/2025\/11\/Rapport-Moral-2024-AG-21-juin-2025.pdf\" class=\"wp-block-file__button wp-element-button\" download aria-describedby=\"wp-block-file--media-0bf49113-86d6-4197-89a5-a4c9ce38f268\">T\u00e9l\u00e9charger<\/a><\/div>\n\n\n\n<p>C\u2019est en 1996 que V\u00e9locampus appara\u00eet, d\u2019abord \u00e0 l\u2019\u00e9tat d\u2019id\u00e9e et d\u2019envie, dans l\u2019esprit d\u2019\u00e9tudiants\u00b7es r\u00e9unis\u00b7es au sein des locaux de la Maison des \u00c9tudiants (foyer de nombreuses associations \u00e9tudiantes nantaises de cette p\u00e9riode).<\/p>\n\n\n\n<p>En 1997, les premiers statuts sont d\u00e9pos\u00e9s en pr\u00e9fecture&nbsp;: V\u00e9locampus est d\u00e9sormais une association loi 1901. Dans les objectifs qu\u2019elle se fixe, l\u2019association va s\u2019attacher dans un premier temps \u00e0 apporter une solution de d\u00e9placement pour des \u00e9tudiants\u00b7es en difficult\u00e9 financi\u00e8re ou sociale, en leur fournissant un v\u00e9lo de pr\u00eat.<\/p>\n\n\n\n<p>Parce qu\u2019il est \u00e9cologique, \u00e9conomique, que sa m\u00e9canique est accessible \u2013 moyennant parfois un peu d\u2019astuce et de p\u00e9dagogie \u2013, le v\u00e9lo est un v\u00e9hicule particuli\u00e8rement propice aux d\u00e9placements de nombreuses id\u00e9es, id\u00e9es qui mettent aujourd\u2019hui l\u2019association en mouvement&nbsp;:<\/p>\n\n\n\n<ul class=\"wp-block-list\">\n<li><strong>L\u2019\u00e9co-responsabilit\u00e9<\/strong>. Tant au niveau de nos pratiques que de celles que nous souhaitons promouvoir, nous cherchons \u00e0 r\u00e9duire le plus possible notre impact sur l\u2019environnement. La promotion du <strong>r\u00e9emploi<\/strong>, en r\u00e9ponse \u00e0 la surconsommation et \u00e0 obsolescence acc\u00e9l\u00e9r\u00e9e des produits, s\u2019inscrit \u00e9videmment dans cette dynamique.<\/li>\n<\/ul>\n\n\n\n<ul class=\"wp-block-list\">\n<li><strong>L\u2019accessibilit\u00e9<\/strong> et <strong>l\u2019inclusivit\u00e9<\/strong>. Faire en sorte que la v\u00e9lonomie s\u2019\u00e9tende \u00e0 un public large et diversifi\u00e9, c\u2019est d\u2019abord s\u2019assurer que nos actions (tant \u00e0 l\u2019atelier qu\u2019en ext\u00e9rieur) soit accessible au plus grand nombre, sans distinction de milieu social, d\u2019\u00e2ge, de genre, d\u2019orientation sexuelle ou de handicap.<\/li>\n<\/ul>\n\n\n\n<ul class=\"wp-block-list\">\n<li>Le <strong>partage<\/strong>, l\u2019<strong>entraide<\/strong> et la <strong>convivialit\u00e9<\/strong>. Le sens du collectif est central dans notre organisation, que cela concerne le fonctionnement et la direction g\u00e9n\u00e9rale de l\u2019association (assur\u00e9e par un conseil coll\u00e9gial constitu\u00e9 d\u2019un ensemble de b\u00e9n\u00e9voles tous\u00b7tes plac\u00e9s\u00b7es au m\u00eame niveau) que la bonne tenue des permanences (mise en commun des connaissances, partage des outils, <em>etc.<\/em>).<\/li>\n<\/ul>\n\n\n\n<ul class=\"wp-block-list\">\n<li>L\u2019<strong>assistance<\/strong> aux publics les plus en difficult\u00e9 ou \u00e9loign\u00e9s de la m\u00e9canique cycle, gr\u00e2ce \u00e0 diff\u00e9rentes initiatives\u00a0: pr\u00eat de v\u00e9los \u00e0 bas co\u00fbt pour les \u00e9tudiants\u00b7es, adh\u00e9sion \u00e0 tarif r\u00e9duit, mise en place de permanences au calme.<\/li>\n<\/ul>\n\n\n\n<ul class=\"wp-block-list\">\n<li>La <strong>non-lucrativit\u00e9<\/strong> de nos activit\u00e9s.<\/li>\n<\/ul>\n\n\n\n<p>T\u00e9l\u00e9chargez ci-dessous les documents relatifs \u00e0 la vie associative:<\/p>\n\n\n\n<div class=\"wp-block-file\"><a id=\"wp-block-file--media-3b927030-2ead-4695-a447-32f1f1231a2f\" href=\"https:\/\/www.velocampus.net\/wp-content\/uploads\/2025\/11\/Charte-VSS-V.3.png\">Charte VSS V.3<\/a><a href=\"https:\/\/www.velocampus.net\/wp-content\/uploads\/2025\/11\/Charte-VSS-V.3.png\" class=\"wp-block-file__button wp-element-button\" download aria-describedby=\"wp-block-file--media-3b927030-2ead-4695-a447-32f1f1231a2f\">T\u00e9l\u00e9charger<\/a><\/div>\n\n\n\n<div class=\"wp-block-file\"><a id=\"wp-block-file--media-2a3e2db3-24de-48eb-8d52-1f9b8f6d239c\" href=\"https:\/\/www.velocampus.net\/wp-content\/uploads\/2025\/11\/2023-Velocampus-Projet-associatif-finalise-1.pdf\">2023 &#8211; V\u00e9locampus &#8211; Projet associatif finalis\u00e9-1<\/a><a href=\"https:\/\/www.velocampus.net\/wp-content\/uploads\/2025\/11\/2023-Velocampus-Projet-associatif-finalise-1.pdf\" class=\"wp-block-file__button wp-element-button\" download aria-describedby=\"wp-block-file--media-2a3e2db3-24de-48eb-8d52-1f9b8f6d239c\">T\u00e9l\u00e9charger<\/a><\/div>\n","protected":false},"excerpt":{"rendered":"<p>T\u00e9l\u00e9chargez ci-dessous les documents relatifs \u00e0 l\u2019AG de V\u00e9locampus du 21 juin 2025 C\u2019est en 1996 que V\u00e9locampus appara\u00eet, d\u2019abord \u00e0 l\u2019\u00e9tat d\u2019id\u00e9e et d\u2019envie, dans l\u2019esprit d\u2019\u00e9tudiants\u00b7es r\u00e9unis\u00b7es au sein des locaux de la Maison des \u00c9tudiants (foyer de<\/p>\n","protected":false},"author":11,"featured_media":0,"parent":0,"menu_order":0,"comment_status":"closed","ping_status":"closed","template":"","meta":{"_lmt_disableupdate":"","_lmt_disable":"","footnotes":""},"class_list":["post-2093","page","type-page","status-publish","hentry"],"translation":{"provider":"WPGlobus","version":"3.0.2","language":"en","enabled_languages":["fr","en"],"languages":{"fr":{"title":true,"content":true,"excerpt":false},"en":{"title":false,"content":false,"excerpt":false}}},"_links":{"self":[{"href":"https:\/\/www.velocampus.net\/en\/wp-json\/wp\/v2\/pages\/2093","targetHints":{"allow":["GET"]}}],"collection":[{"href":"https:\/\/www.velocampus.net\/en\/wp-json\/wp\/v2\/pages"}],"about":[{"href":"https:\/\/www.velocampus.net\/en\/wp-json\/wp\/v2\/types\/page"}],"author":[{"embeddable":true,"href":"https:\/\/www.velocampus.net\/en\/wp-json\/wp\/v2\/users\/11"}],"replies":[{"embeddable":true,"href":"https:\/\/www.velocampus.net\/en\/wp-json\/wp\/v2\/comments?post=2093"}],"version-history":[{"count":1,"href":"https:\/\/www.velocampus.net\/en\/wp-json\/wp\/v2\/pages\/2093\/revisions"}],"predecessor-version":[{"id":2099,"href":"https:\/\/www.velocampus.net\/en\/wp-json\/wp\/v2\/pages\/2093\/revisions\/2099"}],"wp:attachment":[{"href":"https:\/\/www.velocampus.net\/en\/wp-json\/wp\/v2\/media?parent=2093"}],"curies":[{"name":"wp","href":"https:\/\/api.w.org\/{rel}","templated":true}]}}